{"id":2,"date":"2026-04-16T06:21:27","date_gmt":"2026-04-16T06:21:27","guid":{"rendered":"http:\/\/hitclub.surgery\/?page_id=2"},"modified":"2026-04-16T09:13:24","modified_gmt":"2026-04-16T09:13:24","slug":"sample-page","status":"publish","type":"page","link":"https:\/\/hitclub.surgery\/","title":{"rendered":"HITCLUB \u2b50\ufe0f Link V\u00e0o Hitclub Ch\u00ednh Th\u1ee9c \u2013 S\u00e2n Ch\u01a1i C\u00e1 C\u01b0\u1ee3c Gi\u1ea3i Tr\u00ed \u0110\u1ec9nh Nh\u1ea5t 2026"},"content":{"rendered":"\n\n\t<section class=\"section\" id=\"section_1009003427\">\n\t\t<div class=\"section-bg fill\" >\n\t\t\t\t\t\t\t\t\t\n\t\t\t\n\n\t\t<\/div>\n\n\t\t\n\n\t\t<div class=\"section-content relative\">\n\t\t\t\n\n<div class=\"row\"  id=\"row-1191031460\">\n\n\n\t<div id=\"col-1100701158\" class=\"col small-12 large-12\"  >\n\t\t\t\t<div class=\"col-inner\"  >\n\t\t\t\n\t\t\t\n\n<div class=\"container section-title-container\" ><h1 class=\"section-title section-title-center\"><b><\/b><span class=\"section-title-main\" >HITCLUB \u2b50\ufe0f Link V\u00e0o Hitclub Ch\u00ednh Th\u1ee9c \u2013 S\u00e2n Ch\u01a1i C\u00e1 C\u01b0\u1ee3c Gi\u1ea3i Tr\u00ed 2026<\/span><b><\/b><\/h1><\/div>\n\n<p style=\"text-align: left;\"><span style=\"font-weight: 400;\">Kh\u00e1m ph\u00e1 <a href=\"https:\/\/hitclub.surgery\/\"><strong>Hitclub<\/strong><\/a>, n\u1ec1n t\u1ea3ng gi\u1ea3i tr\u00ed tr\u1ef1c tuy\u1ebfn n\u1ed5i b\u1eadt n\u0103m 2026 v\u1edbi h\u1ec7 sinh th\u00e1i \u0111a d\u1ea1ng, link v\u00e0o ch\u00ednh th\u1ee9c an to\u00e0n c\u00f9ng h\u01b0\u1edbng d\u1eabn tham gia nhanh ch\u00f3ng cho ng\u01b0\u1eddi m\u1edbi.<\/span><\/p>\n<h2 style=\"text-align: left;\"><b>\u01afu \u0111i\u1ec3m n\u1ed5i b\u1eadt c\u1ee7a nh\u00e0 c\u00e1i Hitclub<\/b><\/h2>\n<p style=\"text-align: left;\"><span style=\"font-weight: 400;\">Hitclub \u0111ang d\u1ea7n kh\u1eb3ng \u0111\u1ecbnh v\u1ecb th\u1ebf l\u00e0 m\u1ed9t trong nh\u1eefng n\u1ec1n t\u1ea3ng gi\u1ea3i tr\u00ed tr\u1ef1c tuy\u1ebfn uy t\u00edn trong n\u0103m 2026. V\u1edbi nhi\u1ec1u l\u1ee3i th\u1ebf v\u01b0\u1ee3t tr\u1ed9i, s\u00e2n ch\u01a1i n\u00e0y mang \u0111\u1ebfn tr\u1ea3i nghi\u1ec7m \u1ed5n \u0111\u1ecbnh, an to\u00e0n v\u00e0 h\u1ea5p d\u1eabn cho ng\u01b0\u1eddi d\u00f9ng.<\/span><\/p>\n<h3 style=\"text-align: left;\"><b>Gi\u1ea5y ph\u00e9p ho\u1ea1t \u0111\u1ed9ng h\u1ee3p ph\u00e1p<\/b><\/h3>\n<p style=\"text-align: left;\"><span style=\"font-weight: 400;\">Hitclub v\u1eadn h\u00e0nh d\u01b0\u1edbi s\u1ef1 qu\u1ea3n l\u00fd c\u1ee7a t\u1ed5 ch\u1ee9c qu\u1ed1c t\u1ebf, \u0111\u1ea3m b\u1ea3o t\u00ednh minh b\u1ea1ch v\u00e0 h\u1ee3p ph\u00e1p trong m\u1ecdi ho\u1ea1t \u0111\u1ed9ng. \u0110\u00e2y l\u00e0 y\u1ebfu t\u1ed1 quan tr\u1ecdng gi\u00fap ng\u01b0\u1eddi ch\u01a1i y\u00ean t\u00e2m khi tham gia l\u00e2u d\u00e0i.<\/span><\/p>\n<h3 style=\"text-align: left;\"><b>B\u1ea3o m\u1eadt tuy\u1ec7t \u0111\u1ed1i<\/b><\/h3>\n<p style=\"text-align: left;\"><span style=\"font-weight: 400;\">H\u1ec7 th\u1ed1ng \u00e1p d\u1ee5ng c\u00f4ng ngh\u1ec7 m\u00e3 h\u00f3a hi\u1ec7n \u0111\u1ea1i nh\u1eb1m b\u1ea3o v\u1ec7 to\u00e0n b\u1ed9 th\u00f4ng tin c\u00e1 nh\u00e2n v\u00e0 giao d\u1ecbch. M\u1ecdi d\u1eef li\u1ec7u \u0111\u1ec1u \u0111\u01b0\u1ee3c ki\u1ec3m so\u00e1t nghi\u00eam ng\u1eb7t, h\u1ea1n ch\u1ebf t\u1ed1i \u0111a r\u1ee7i ro.<\/span><\/p>\n<h3 style=\"text-align: left;\"><b>Giao di\u1ec7n d\u1ec5 s\u1eed d\u1ee5ng<\/b><\/h3>\n<p style=\"text-align: left;\"><span style=\"font-weight: 400;\">Thi\u1ebft k\u1ebf c\u1ee7a Hitclub th\u00e2n thi\u1ec7n v\u1edbi ng\u01b0\u1eddi d\u00f9ng, ph\u00f9 h\u1ee3p cho c\u1ea3 ng\u01b0\u1eddi m\u1edbi l\u1eabn ng\u01b0\u1eddi ch\u01a1i l\u00e2u n\u0103m. C\u00e1c thao t\u00e1c \u0111\u0103ng k\u00fd, n\u1ea1p r\u00fat \u0111\u1ec1u \u0111\u01b0\u1ee3c t\u1ed1i gi\u1ea3n.<\/span><\/p>\n<h3 style=\"text-align: left;\"><b>D\u1ecbch v\u1ee5 h\u1ed7 tr\u1ee3 kh\u00e1ch h\u00e0ng chuy\u00ean nghi\u1ec7p 24\/7<\/b><\/h3>\n<p style=\"text-align: left;\"><span style=\"font-weight: 400;\">\u0110\u1ed9i ng\u0169 CSKH lu\u00f4n s\u1eb5n s\u00e0ng h\u1ed7 tr\u1ee3 m\u1ecdi l\u00fac, gi\u00fap gi\u1ea3i quy\u1ebft nhanh ch\u00f3ng c\u00e1c v\u1ea5n \u0111\u1ec1 ph\u00e1t sinh trong qu\u00e1 tr\u00ecnh tr\u1ea3i nghi\u1ec7m.<\/span><\/p>\n<h2 style=\"text-align: left;\"><b>C\u00e1c s\u1ea3n ph\u1ea9m c\u00e1 c\u01b0\u1ee3c h\u1ea5p d\u1eabn t\u1ea1i Hitclub<\/b><\/h2>\n<p style=\"text-align: left;\"><span style=\"font-weight: 400;\">Hitclub cung c\u1ea5p h\u1ec7 sinh th\u00e1i tr\u00f2 ch\u01a1i \u0111a d\u1ea1ng, \u0111\u00e1p \u1ee9ng \u0111\u1ea7y \u0111\u1ee7 nhu c\u1ea7u gi\u1ea3i tr\u00ed c\u1ee7a ng\u01b0\u1eddi ch\u01a1i.<\/span><\/p>\n<h3 style=\"text-align: left;\"><b>C\u00e1 c\u01b0\u1ee3c th\u1ec3 thao<\/b><\/h3>\n<p style=\"text-align: left;\"><span style=\"font-weight: 400;\">Ng\u01b0\u1eddi ch\u01a1i c\u00f3 th\u1ec3 tham gia nhi\u1ec1u b\u1ed9 m\u00f4n nh\u01b0 b\u00f3ng \u0111\u00e1, b\u00f3ng r\u1ed5, tennis\u2026 v\u1edbi t\u1ef7 l\u1ec7 k\u00e8o c\u1eadp nh\u1eadt li\u00ean t\u1ee5c, mang l\u1ea1i tr\u1ea3i nghi\u1ec7m ch\u00e2n th\u1ef1c.<\/span><\/p>\n<h3 style=\"text-align: left;\"><b>Casino tr\u1ef1c tuy\u1ebfn<\/b><\/h3>\n<p style=\"text-align: left;\"><span style=\"font-weight: 400;\">Kh\u00f4ng gian casino s\u1ed1ng \u0111\u1ed9ng v\u1edbi c\u00e1c tr\u00f2 ch\u01a1i ph\u1ed5 bi\u1ebfn nh\u01b0 baccarat, blackjack, roulette c\u00f9ng dealer tr\u1ef1c ti\u1ebfp.<\/span><\/p>\n<h3 style=\"text-align: left;\"><b>Game b\u00e0i \u0111\u1ed5i th\u01b0\u1edfng<\/b><\/h3>\n<p style=\"text-align: left;\"><span style=\"font-weight: 400;\">Kho game b\u00e0i phong ph\u00fa v\u1edbi nhi\u1ec1u l\u1ef1a ch\u1ecdn h\u1ea5p d\u1eabn, mang l\u1ea1i c\u1ea3m gi\u00e1c gi\u1ea3i tr\u00ed v\u00e0 c\u01a1 h\u1ed9i nh\u1eadn th\u01b0\u1edfng.<\/span><\/p>\n<h3 style=\"text-align: left;\"><b>L\u00f4 \u0111\u1ec1 online<\/b><\/h3>\n<p style=\"text-align: left;\"><span style=\"font-weight: 400;\">H\u00ecnh th\u1ee9c d\u1ef1 \u0111o\u00e1n k\u1ebft qu\u1ea3 nhanh g\u1ecdn, d\u1ec5 ch\u01a1i, ph\u00f9 h\u1ee3p v\u1edbi nhi\u1ec1u \u0111\u1ed1i t\u01b0\u1ee3ng ng\u01b0\u1eddi d\u00f9ng.<\/span><\/p>\n<h3 style=\"text-align: left;\"><b>N\u1ed5 h\u0169 \u0111\u1ed5i th\u01b0\u1edfng<\/b><\/h3>\n<p style=\"text-align: left;\"><span style=\"font-weight: 400;\">C\u00e1c tr\u00f2 slot game v\u1edbi hi\u1ec7u \u1ee9ng b\u1eaft m\u1eaft, c\u01a1 ch\u1ebf jackpot h\u1ea5p d\u1eabn, t\u1ea1o c\u01a1 h\u1ed9i s\u0103n th\u01b0\u1edfng l\u1edbn.<\/span><\/p>\n<h2 style=\"text-align: left;\"><b>H\u01b0\u1edbng d\u1eabn \u0111\u0103ng k\u00fd v\u00e0 b\u1eaft \u0111\u1ea7u ch\u01a1i t\u1ea1i Hitclub<\/b><\/h2>\n<p style=\"text-align: left;\"><span style=\"font-weight: 400;\">Quy tr\u00ecnh tham gia Hitclub r\u1ea5t \u0111\u01a1n gi\u1ea3n, ch\u1ec9 c\u1ea7n v\u00e0i b\u01b0\u1edbc l\u00e0 b\u1ea1n \u0111\u00e3 c\u00f3 th\u1ec3 tr\u1ea3i nghi\u1ec7m.<\/span><\/p>\n<p style=\"text-align: left;\"><b>B\u01b0\u1edbc 1:<\/b><span style=\"font-weight: 400;\"> Truy c\u1eadp website Hitclub, ng\u01b0\u1eddi ch\u01a1i c\u1ea7n v\u00e0o \u0111\u00fang link ch\u00ednh th\u1ee9c c\u1ee7a Hitclub \u0111\u1ec3 \u0111\u1ea3m b\u1ea3o an to\u00e0n v\u00e0 tr\u00e1nh c\u00e1c trang gi\u1ea3 m\u1ea1o.<\/span><\/p>\n<p style=\"text-align: left;\"><b>B\u01b0\u1edbc 2:<\/b><span style=\"font-weight: 400;\"> \u0110\u0103ng k\u00fd t\u00e0i kho\u1ea3n c\u1ea7n \u0111i\u1ec1n \u0111\u1ea7y \u0111\u1ee7 th\u00f4ng tin c\u01a1 b\u1ea3n nh\u01b0 t\u00ean \u0111\u0103ng nh\u1eadp, m\u1eadt kh\u1ea9u, s\u1ed1 \u0111i\u1ec7n tho\u1ea1i\u2026 v\u00e0 x\u00e1c nh\u1eadn \u0111\u0103ng k\u00fd.<\/span><\/p>\n<p style=\"text-align: left;\"><b>B\u01b0\u1edbc 3:<\/b><span style=\"font-weight: 400;\"> N\u1ea1p ti\u1ec1n v\u00e0o t\u00e0i kho\u1ea3n c\u1ea7n l\u1ef1a ch\u1ecdn ph\u01b0\u01a1ng th\u1ee9c n\u1ea1p ti\u1ec1n ph\u00f9 h\u1ee3p v\u00e0 th\u1ef1c hi\u1ec7n giao d\u1ecbch nhanh ch\u00f3ng.<\/span><\/p>\n<p style=\"text-align: left;\"><b>B\u01b0\u1edbc 4<\/b><span style=\"font-weight: 400;\">: Ch\u1ecdn s\u1ea3n ph\u1ea9m c\u00e1 c\u01b0\u1ee3c sau khi c\u00f3 s\u1ed1 d\u01b0, b\u1ea1n c\u00f3 th\u1ec3 l\u1ef1a ch\u1ecdn b\u1ea5t k\u1ef3 tr\u00f2 ch\u01a1i ho\u1eb7c d\u1ecbch v\u1ee5 n\u00e0o \u0111\u1ec3 b\u1eaft \u0111\u1ea7u.<\/span><\/p>\n<p style=\"text-align: left;\"><b>B\u01b0\u1edbc 5:<\/b><span style=\"font-weight: 400;\"> R\u00fat ti\u1ec1n khi c\u00f3 l\u1ee3i nhu\u1eadn, ng\u01b0\u1eddi ch\u01a1i c\u00f3 th\u1ec3 r\u00fat ti\u1ec1n d\u1ec5 d\u00e0ng v\u1edbi quy tr\u00ecnh x\u1eed l\u00fd nhanh g\u1ecdn.<\/span><\/p>\n<h2 style=\"text-align: left;\"><b>K\u1ebft lu\u1eadn<\/b><\/h2>\n<p style=\"text-align: left;\"><span style=\"font-weight: 400;\">Hitclub l\u00e0 l\u1ef1a ch\u1ecdn \u0111\u00e1ng c\u00e2n nh\u1eafc cho nh\u1eefng ai \u0111ang t\u00ecm ki\u1ebfm m\u1ed9t n\u1ec1n t\u1ea3ng gi\u1ea3i tr\u00ed tr\u1ef1c tuy\u1ebfn \u0111a d\u1ea1ng, an to\u00e0n v\u00e0 d\u1ec5 s\u1eed d\u1ee5ng trong n\u0103m 2026. V\u1edbi nhi\u1ec1u \u01b0u \u0111i\u1ec3m n\u1ed5i b\u1eadt c\u00f9ng h\u1ec7 th\u1ed1ng tr\u00f2 ch\u01a1i phong ph\u00fa, <a href=\"https:\/\/hitclub.surgery\/\"><strong>Hitclub<\/strong><\/a> h\u1ee9a h\u1eb9n mang \u0111\u1ebfn tr\u1ea3i nghi\u1ec7m tr\u1ecdn v\u1eb9n cho ng\u01b0\u1eddi ch\u01a1i.<\/span><\/p>\n\n\t\t<\/div>\n\t\t\t\t\t<\/div>\n\n\t\n\n<\/div>\n\n\t\t<\/div>\n\n\t\t\n<style>\n#section_1009003427 {\n  padding-top: 30px;\n  padding-bottom: 30px;\n}\n<\/style>\n\t<\/section>\n\t\n\n","protected":false},"excerpt":{"rendered":"","protected":false},"author":1,"featured_media":0,"parent":0,"menu_order":0,"comment_status":"closed","ping_status":"open","template":"","meta":{"footnotes":""},"class_list":["post-2","page","type-page","status-publish","hentry"],"_links":{"self":[{"href":"https:\/\/hitclub.surgery\/index.php?rest_route=\/wp\/v2\/pages\/2","targetHints":{"allow":["GET"]}}],"collection":[{"href":"https:\/\/hitclub.surgery\/index.php?rest_route=\/wp\/v2\/pages"}],"about":[{"href":"https:\/\/hitclub.surgery\/index.php?rest_route=\/wp\/v2\/types\/page"}],"author":[{"embeddable":true,"href":"https:\/\/hitclub.surgery\/index.php?rest_route=\/wp\/v2\/users\/1"}],"replies":[{"embeddable":true,"href":"https:\/\/hitclub.surgery\/index.php?rest_route=%2Fwp%2Fv2%2Fcomments&post=2"}],"version-history":[{"count":2,"href":"https:\/\/hitclub.surgery\/index.php?rest_route=\/wp\/v2\/pages\/2\/revisions"}],"predecessor-version":[{"id":10,"href":"https:\/\/hitclub.surgery\/index.php?rest_route=\/wp\/v2\/pages\/2\/revisions\/10"}],"wp:attachment":[{"href":"https:\/\/hitclub.surgery\/index.php?rest_route=%2Fwp%2Fv2%2Fmedia&parent=2"}],"curies":[{"name":"wp","href":"https:\/\/api.w.org\/{rel}","templated":true}]}}